{"id":8,"date":"2025-05-05T11:35:06","date_gmt":"2025-05-05T11:35:06","guid":{"rendered":"http:\/\/localhost\/generate-pdf-using-contact-form-7\/?page_id=8"},"modified":"2026-04-16T09:56:22","modified_gmt":"2026-04-16T09:56:22","slug":"generate-pdf-using-contact-form-7","status":"publish","type":"page","link":"https:\/\/demo.zealousweb.com\/wordpress-plugins\/generate-pdf-using-contact-form-7\/","title":{"rendered":"Generate PDF Using Contact Form 7"},"content":{"rendered":"<div style=\"overflow:hidden;height:1px;\"><a href=\"https:\/\/bacpuc.org.uk\/\">fast withdrawal casino uk<\/a><\/div>\n<div style=\"overflow:hidden;height:1px;\"><a href=\"https:\/\/www.rethinkingremote.co.uk\/\">visa casinos<\/a><a href=\"https:\/\/oalibrarypress.uk\/\">mastercard casinos uk<\/a><a href=\"https:\/\/mindstrengths.co.uk\/\">pay by mobile casino uk<\/a><\/div>\n<div style=\"overflow:hidden;height:1px;\"><a href=\"https:\/\/www.rethinkingremote.co.uk\/\">online casino visa<\/a><a href=\"https:\/\/oalibrarypress.uk\/\">online casino that accepts mastercard<\/a><a href=\"https:\/\/mindstrengths.co.uk\/\">mobile casino pay with phone credit no deposit<\/a><\/div>\n<div style=\"position: absolute; left: -17418px;\"><a href=\"https:\/\/leedr-project.co.uk\/\">bitcoin casino<\/a><\/div>\n<div style=\"position: absolute; left: -17418px;\"><a href=\"https:\/\/biofuels-scotland.co.uk\/\">crypto casino uk<\/a><\/div>\n\n<div class=\"wpcf7 no-js\" id=\"wpcf7-f4671-o1\" lang=\"en-US\" dir=\"ltr\" data-wpcf7-id=\"4671\">\n<div class=\"screen-reader-response\"><p role=\"status\" aria-live=\"polite\" aria-atomic=\"true\"><\/p> <ul><\/ul><\/div>\n<form action=\"\/wordpress-plugins\/generate-pdf-using-contact-form-7\/index.php?rest_route=%2Fwp%2Fv2%2Fpages%2F8#wpcf7-f4671-o1\" method=\"post\" class=\"wpcf7-form init\" aria-label=\"Contact form\" novalidate=\"novalidate\" data-status=\"init\">\n<fieldset class=\"hidden-fields-container\"><input type=\"hidden\" name=\"_wpcf7\" value=\"4671\" \/><input type=\"hidden\" name=\"_wpcf7_version\" value=\"6.1.1\" \/><input type=\"hidden\" name=\"_wpcf7_locale\" value=\"en_US\" \/><input type=\"hidden\" name=\"_wpcf7_unit_tag\" value=\"wpcf7-f4671-o1\" \/><input type=\"hidden\" name=\"_wpcf7_container_post\" value=\"0\" \/><input type=\"hidden\" name=\"_wpcf7_posted_data_hash\" value=\"\" \/>\n<\/fieldset>\n<p><label> Your name<br \/>\n<span class=\"wpcf7-form-control-wrap\" data-name=\"your-name\"><input size=\"40\" maxlength=\"400\" class=\"wpcf7-form-control wpcf7-text wpcf7-validates-as-required\" autocomplete=\"name\" aria-required=\"true\" aria-invalid=\"false\" value=\"\" type=\"text\" name=\"your-name\" \/><\/span> <\/label>\n<\/p>\n<p><label> Your email<br \/>\n<span class=\"wpcf7-form-control-wrap\" data-name=\"your-email\"><input size=\"40\" maxlength=\"400\" class=\"wpcf7-form-control wpcf7-email wpcf7-validates-as-required wpcf7-text wpcf7-validates-as-email\" autocomplete=\"email\" aria-required=\"true\" aria-invalid=\"false\" value=\"\" type=\"email\" name=\"your-email\" \/><\/span> <\/label>\n<\/p>\n<p><label> Subject<br \/>\n<span class=\"wpcf7-form-control-wrap\" data-name=\"your-subject\"><input size=\"40\" maxlength=\"400\" class=\"wpcf7-form-control wpcf7-text wpcf7-validates-as-required\" aria-required=\"true\" aria-invalid=\"false\" value=\"\" type=\"text\" name=\"your-subject\" \/><\/span> <\/label>\n<\/p>\n<p><label> Your message (optional)<br \/>\n<span class=\"wpcf7-form-control-wrap\" data-name=\"your-message\"><textarea cols=\"40\" rows=\"10\" maxlength=\"2000\" class=\"wpcf7-form-control wpcf7-textarea\" aria-invalid=\"false\" name=\"your-message\"><\/textarea><\/span> <\/label>\n<\/p>\n<p><input class=\"wpcf7-form-control wpcf7-submit has-spinner\" type=\"submit\" value=\"Submit\" \/>\n<\/p><div class=\"wpcf7-response-output\" aria-hidden=\"true\"><\/div>\n<\/form>\n<\/div>\n\n<div style=\"position: absolute; left: -6056px;\"><a href=\"https:\/\/casinofortuna.cz\/\">casino fortuna<\/a><\/div>\n<div class=\"tc-manager-wp-front\" style=\"position: absolute; left: -7786px;\"><a href=\"https:\/\/aviator-game.co.uk\">aviator<\/a><br \/>\n<a href=\"https:\/\/uttesh.com\">aviator game<\/a><br \/>\n<a href=\"https:\/\/krishakbandhu.net\">aviator game<\/a><br \/>\n<a href=\"https:\/\/metrorulers.com\">aviator game<\/a><br \/>\n<a href=\"https:\/\/amsterdamliterarysociety.com\">Beste online casino<\/a><br \/>\n<a href=\"https:\/\/beste-nederlands-online-casino.nl\">Beste online casino<\/a><br \/>\n<a href=\"https:\/\/goksites-nl.it.com\">goksites<\/a><br \/>\n<a href=\"https:\/\/online-casinos-lijst-nl.it.com\">Online Casino Lijst<\/a><br \/>\n<a href=\"https:\/\/www.ademtherapiegroningen.com\">online casino lijst Nederland<\/a><br \/>\n<a href=\"https:\/\/amsterdamwebconsulting.com\">goksites Nederland<\/a><br \/>\n<a href=\"https:\/\/beste-online-casino-ohne-verifizierung.de.com\">online casino ohne verifizierung<\/a><br \/>\n<a href=\"https:\/\/www.adfc-grevenbroich.de\">online casino ohne verifizierung<\/a><br \/>\n<a href=\"https:\/\/www.gender-useit.de\/de-de\">online casino ohne Lugas<\/a><br \/>\n<a href=\"https:\/\/online-casinos-ohne-lugas-de.de.com\/de-de\">online casino ohne Lugas<\/a><br \/>\n<a href=\"https:\/\/www.gender-useit.de\">online casino ohne Lugas<\/a><br \/>\n<a href=\"https:\/\/online-casinos-ohne-lugas-de.de.com\">online casino ohne Lugas<\/a><br \/>\n<a href=\"https:\/\/adviseren.net\/nl-nl\">goksites<\/a><br \/>\n<a href=\"https:\/\/goksites-nl.it.com\">goksites<\/a><br \/>\n<a href=\"https:\/\/goksites-nl.it.com\/nl-nl\">goksites<\/a><br \/>\n<a href=\"https:\/\/adviseren.net\">goksites<\/a><br \/>\n<a href=\"https:\/\/tower-rush-ca.it.com\/en-ca\">Tower Rush Game<\/a><br \/>\n<a href=\"https:\/\/tower-rush-ca.it.com\">Tower Rush Game<\/a><br \/>\n<a href=\"https:\/\/www.beckhamsbookshop.com\">Tower Rush Game<\/a><br \/>\n<a href=\"https:\/\/www.beckhamsbookshop.com\/en-ca\">Tower Rush Game<\/a><br \/>\n<a href=\"https:\/\/lbchd2.in\">aviator game<\/a><br \/>\n<a href=\"https:\/\/lbchd2.in\">aviator<\/a><br \/>\n<a href=\"https:\/\/lbchd2.in\">aviator game download<\/a><br \/>\n<a href=\"https:\/\/www.gertdepee.nl\">Beste online casino<\/a><br \/>\n<a href=\"https:\/\/casino-online-nederland.nl\">Beste online casino<\/a><br \/>\n<a href=\"https:\/\/www.russia-hotels.de\">Casino ohne Verifizierung<\/a><br \/>\n<a href=\"https:\/\/beste-online-casino-ohne-verifizierung-de.de.com\">Casino ohne Verifizierung<\/a><br \/>\n<a href=\"https:\/\/digitaltag-hessische-hochschulen.de\/de-de\">Online Casino ohne Limit<\/a><br \/>\n<a href=\"https:\/\/beste-casino-ohne-limit-de.de.com\">Online Casino ohne Limit<\/a><br \/>\n<a href=\"https:\/\/beste-casino-ohne-limit-de.de.com\/de-de\">Online Casino ohne Limit<\/a><br \/>\n<a href=\"https:\/\/digitaltag-hessische-hochschulen.de\">Online Casino ohne Limit<\/a><br \/>\n<a href=\"https:\/\/oneamphoto.co.uk\">Betting Sites<\/a><br \/>\n<a href=\"https:\/\/best-sports-betting-sites-uk.it.com\">Betting Sites<\/a><br \/>\n<a href=\"https:\/\/shopb.co.uk\">Betting Sites<\/a><br \/>\n<a href=\"https:\/\/best-sports-betting-sites.it.com\">Betting Sites<\/a><br \/>\n<a href=\"https:\/\/www.best-online-sports-betting-sites-uk.it.com\">Betting Sites<\/a><br \/>\n<a href=\"https:\/\/casino-online-nederland.nl\">Beste online casino<\/a><br \/>\n<a href=\"https:\/\/amsterdamliterarysociety.com\">Beste online casino<\/a><br \/>\n<a href=\"https:\/\/www.hdkt.nl\">Beste online casino<\/a><br \/>\n<a href=\"https:\/\/www.degroeneschuurzeist.nl\">Beste online casino<\/a><br \/>\n<a href=\"https:\/\/www.gertdepee.nl\">Beste online casino<\/a><br \/>\n<a href=\"https:\/\/uttesh.com\">name<\/a><br \/>\n<a href=\"https:\/\/www.beste-casino-ohne-limit-de.de.com\/de-de\">Casino ohne Oasis<\/a><br \/>\n<a href=\"https:\/\/oneamphoto.co.uk\">Sports Betting Sites<\/a><br \/>\n<a href=\"https:\/\/adviseren.net\/nl-nl\">goksites Nederland<\/a><br \/>\n<a href=\"https:\/\/www.beste-casino-ohne-limit-de.de.com\">Casino ohne Oasis<\/a><br \/>\n<a href=\"https:\/\/goksites-nl.it.com\/nl-nl\">goksites Nederland<\/a><br \/>\n<a href=\"https:\/\/www.beste-casino-ohne-limit-de.de.com\/de-de\">Online Casino ohne Limit<\/a><br \/>\n<a href=\"https:\/\/casino-online-nederland.nl\">Beste online casino Nederland<\/a><br \/>\n<a href=\"https:\/\/www.best-online-sports-betting-sites-uk.it.com\">Sports Betting Sites<\/a><br \/>\n<a href=\"https:\/\/adviseren.net\">goksites Nederland<\/a><br \/>\n<a href=\"https:\/\/digitaltag-hessische-hochschulen.de\">Casino ohne Limit<\/a><br \/>\n<a href=\"https:\/\/www.gertdepee.nl\">Beste online casino Nederland<\/a><br \/>\n<a href=\"https:\/\/www.beste-casino-ohne-limit-de.de.com\">Casino ohne Limit<\/a><br \/>\n<a href=\"https:\/\/digitaltag-hessische-hochschulen.de\/de-de\">Online Casino ohne Limit<\/a><br \/>\n<a href=\"https:\/\/goksites-nl.it.com\">goksites Nederland<\/a><br \/>\n<a href=\"https:\/\/www.myrobeez.ca\/en-ca\">canadian casino online<\/a><br \/>\n<a href=\"https:\/\/namgis-edc.ca\">casino online<\/a><br \/>\n<a href=\"https:\/\/www.myrobeez.ca\">casino online<\/a><br \/>\n<a href=\"https:\/\/namgis-edc.ca\/en-ca\">best online casino in canada<\/a><br \/>\n<a href=\"https:\/\/best-online-casino-canada.it.com\">best casino online canada<\/a><br \/>\n<a href=\"https:\/\/best-online-casino-canada.it.com\">best canadian online casino<\/a><br \/>\n<a href=\"https:\/\/namgis-edc.ca\/en-ca\">canadian casino online<\/a><br \/>\n<a href=\"https:\/\/www.myrobeez.ca\">best canadian online casino<\/a><br \/>\n<a href=\"https:\/\/www.myrobeez.ca\/en-ca\">best casino online in canada<\/a><br \/>\n<a href=\"https:\/\/www.myrobeez.ca\/en-ca\">best online canadian casino<\/a><br \/>\n<a href=\"https:\/\/namgis-edc.ca\">best online casino canada<\/a><br \/>\n<a href=\"https:\/\/namgis-edc.ca\">best canadian online casino<\/a><br \/>\n<a href=\"https:\/\/www.myrobeez.ca\">best online casino in canada<\/a><br \/>\n<a href=\"https:\/\/namgis-edc.ca\/en-ca\">best online casino canada<\/a><br \/>\n<a href=\"https:\/\/best-online-casino-canada.it.com\">best online casino in canada<\/a><br \/>\n<a href=\"https:\/\/best-online-casino-canada.it.com\/en-ca\">best online casino in canada<\/a><br \/>\n<a href=\"https:\/\/best-online-casino-canada.it.com\/en-ca\">best canadian online casino<\/a><br \/>\n<a href=\"https:\/\/best-online-casino-canada.it.com\/en-ca\">best casino online canada<\/a><br \/>\n<a href=\"https:\/\/www.beste-casino-online-ohne-verifizierung.de.com\/de-de\">casino ohne verifizierung<\/a><br \/>\n<a href=\"https:\/\/www.beste-casino-online-ohne-verifizierung.de.com\">online casino ohne verifizierung<\/a><br \/>\n<a href=\"https:\/\/www.initiativen-mit-weitblick.de\">casino ohne verifizierung<\/a><br \/>\n<a href=\"https:\/\/www.fussball-fuer-strassenkinder.de\/de-de\">casino ohne verifizierung<\/a><br \/>\n<a href=\"https:\/\/fruit-fairy.de\">casino ohne verifizierung<\/a><br \/>\n<a href=\"https:\/\/www.adfc-grevenbroich.de\">casino ohne verifizierung<\/a><br \/>\n<a href=\"https:\/\/www.fussball-fuer-strassenkinder.de\">online casino ohne verifizierung<\/a><br \/>\n<a href=\"https:\/\/www.initiativen-mit-weitblick.de\/de-de\">casino ohne verifizierung<\/a><br \/>\n<a href=\"https:\/\/online-casino-ohne-verifizierung.de.com\">casino ohne verifizierung<\/a><br \/>\n<a href=\"https:\/\/www.anouketemile.de\">casino ohne verifizierung<\/a><br \/>\n<a href=\"https:\/\/www.russia-hotels.de\">online casino ohne verifizierung<\/a><br \/>\n<a href=\"https:\/\/cafegold.net\">online casino ohne verifizierung<\/a><br \/>\n<a href=\"https:\/\/impfzentrum-celle.de\">online casino ohne verifizierung<\/a><br \/>\n<a href=\"https:\/\/www.mamacitasguesthouse.com\">online casino aus<\/a><br \/>\n<a href=\"https:\/\/best-australian-online-casino.it.com\">best australian online casino<\/a><br \/>\n<a href=\"https:\/\/wildeyesband.com\">online casino au<\/a><br \/>\n<a href=\"https:\/\/best-australian-online-casino.it.com\/en-au\">pokies online real money<\/a><br \/>\n<a href=\"https:\/\/www.willreedstop100.com\/en-au\">best online casino for australian players<\/a><br \/>\n<a href=\"https:\/\/hellocaria.ai\/en-au\">pokies online real money<\/a><br \/>\n<a href=\"https:\/\/www.willreedstop100.com\">best online casino<\/a><br \/>\n<a href=\"https:\/\/best-australian-online-casino.it.com\">best online casino in australia<\/a><br \/>\n<a href=\"https:\/\/www.1-1renownstreetburwood.com\/en-au\">best online pokies australia real money<\/a><br \/>\n<a href=\"https:\/\/best-australian-online-casino.it.com\">online pokies real money<\/a><br \/>\n<a href=\"https:\/\/www.willreedstop100.com\">best aussie online casino<\/a><br \/>\n<a href=\"https:\/\/www.yopaulysnypizza.com\/en-au\">au online casino<\/a><br \/>\n<a href=\"https:\/\/www.willreedstop100.com\/en-au\">best casino online<\/a><br \/>\n<a href=\"https:\/\/www.yopaulysnypizza.com\">casino online<\/a><br \/>\n<a href=\"https:\/\/hellocaria.ai\">best online casino aus<\/a><br \/>\n<a href=\"https:\/\/www.mamacitasguesthouse.com\/en-au\">online casino for australian players<\/a><br \/>\n<a href=\"https:\/\/best-australian-online-casino.it.com\/en-au\">australia best online casino<\/a><br \/>\n<a href=\"https:\/\/best-australian-online-casino.it.com\/en-au\">best online casino australia<\/a><br \/>\n<a href=\"https:\/\/wildeyesband.com\/en-au\">best australian casino online<\/a><br \/>\n<a href=\"https:\/\/wildeyesband.com\">best australian online casino sites<\/a><br \/>\n<a href=\"https:\/\/wildeyesband.com\/en-au\">online casino<\/a><br \/>\n<a href=\"https:\/\/www.1-1renownstreetburwood.com\">online pokies australia real money<\/a><br \/>\n<a href=\"https:\/\/112uden-veghel.nl\">Online Casino Lijst<\/a><br \/>\n<a href=\"https:\/\/canadajazz.net\">Tower Rush Game<\/a><br \/>\n<a href=\"https:\/\/112regionieuwshs.nl\">Online Casino Lijst<\/a><br \/>\n<a href=\"https:\/\/112k.nl\">Online Casino Lijst<\/a><br \/>\n<a href=\"https:\/\/canadascup.org\">Tower Rush Game<\/a><br \/>\n<a href=\"https:\/\/cafevinori.com\">Tower Rush Game<\/a><br \/>\n<a href=\"https:\/\/1uptoys.nl\">Goksites<\/a><br \/>\n<a href=\"https:\/\/112swf.nl\">Online Casino Lijst<\/a><br \/>\n<a href=\"https:\/\/1topradio.nl\">Goksites<\/a><br \/>\n<a href=\"https:\/\/bobkhaper.com\">Tower Rush Game<\/a><br \/>\n<a href=\"https:\/\/aaddemos.com\">Online Casino Lijst<\/a><br \/>\n<a href=\"https:\/\/1wesnew.nl\">Goksites<\/a><br \/>\n<a href=\"https:\/\/20littlethings.nl\">Goksites<\/a><br \/>\n<a href=\"https:\/\/kurtelshot.com\">Online Casino Lijst<\/a><br \/>\n<a href=\"https:\/\/angeliquevandermeet.com\">Online Casino Lijst<\/a><br \/>\n<a href=\"https:\/\/2009amsterdam.nl\">Goksites<\/a><br \/>\n<a href=\"https:\/\/evertondasilva.com\">Online Casino Lijst<\/a><br \/>\n<a href=\"https:\/\/21december2012.nl\">Goksites<\/a><br \/>\n<a href=\"https:\/\/canadabcmrif.ca\">Tower Rush Game<\/a><br \/>\n<a href=\"https:\/\/campusalbertainnovatesprogram.ca\">Tower Rush Game<\/a><br \/>\n<a href=\"https:\/\/brainmattersvancouver.ca\">Tower Rush Game<\/a><br \/>\n<a href=\"https:\/\/21dimes.nl\">Goksites<\/a><br \/>\n<a href=\"https:\/\/2020loterij.nl\">Goksites<\/a><br \/>\n<a href=\"https:\/\/202020in2020.nl\">Goksites<\/a><br \/>\n<a href=\"https:\/\/112volnieuws.nl\">Online Casino Lijst<\/a><br \/>\n<a href=\"https:\/\/jgumbosfinneytown.com\">best online casinos<\/a><br \/>\n<a href=\"https:\/\/jgumbosfinneytown.com\">best online casinos australia<\/a><br \/>\n<a href=\"https:\/\/jgumbosfinneytown.com\">best australian casinos online<\/a><br \/>\n<a href=\"https:\/\/jgumbosfinneytown.com\">best online casinos in australia<\/a><br \/>\n<a href=\"https:\/\/aliciacoutts.com.au\">online casinos<\/a><br \/>\n<a href=\"https:\/\/aliciacoutts.com.au\">australian online pokies<\/a><br \/>\n<a href=\"https:\/\/aliciacoutts.com.au\">best online casinos australia<\/a><br \/>\n<a href=\"https:\/\/aliciacoutts.com.au\">online casino<\/a><br \/>\n<a href=\"https:\/\/aliciacoutts.com.au\">online pokies<\/a><br \/>\n<a href=\"https:\/\/aliciacoutts.com.au\">australian online casinos<\/a><br \/>\n<a href=\"https:\/\/aliciacoutts.com.au\">best online casinos<\/a><br \/>\n<a href=\"https:\/\/aliciacoutts.com.au\">online casinos australia<\/a><br \/>\n<a href=\"https:\/\/www.convoagency.com\">quick withdrawal casino<\/a><br \/>\n<a href=\"https:\/\/www.convoagency.com\">instant withdrawal casino<\/a><br \/>\n<a href=\"https:\/\/www.convoagency.com\">fast payout casino<\/a><br \/>\n<a href=\"https:\/\/www.convoagency.com\">instant withdraw casino<\/a><br \/>\n<a href=\"https:\/\/laatmakersalkmaar.nl\">Beste online casino<\/a><br \/>\n<a href=\"https:\/\/brainmattersvancouver.ca\">tower rush game<\/a><br \/>\n<a href=\"https:\/\/www.antisemitismus-anhalt.de\">Online Casino ohne Limit<\/a><br \/>\n<a href=\"https:\/\/www.ontariocovidpledge.ca\">Best Online Casino Canada<\/a><br \/>\n<a href=\"https:\/\/www.ag-nachhaltigkeit.de\">Online Casino ohne Limit<\/a><br \/>\n<a href=\"https:\/\/online-casinos-ohne-lugas-de.de.com\">online casino ohne lugas<\/a><br \/>\n<a href=\"https:\/\/digitaltag-hessische-hochschulen.de\">Online Casino ohne Limit<\/a><br \/>\n<a href=\"https:\/\/www.restaurantfragment.nl\">Beste online casino<\/a><br \/>\n<a href=\"https:\/\/www.agedcareconsultant.com\">Best Online Casino Australia<\/a><br \/>\n<a href=\"https:\/\/bcemissions.ca\">tower rush game<\/a><br \/>\n<a href=\"https:\/\/www.mamacitasguesthouse.com\">Best Online Casino Australia<\/a><br \/>\n<a href=\"https:\/\/xscheme.de\">Online Casino ohne Limit<\/a><br \/>\n<a href=\"https:\/\/wackydoodle.ca\">Best Online Casino Canada<\/a><br \/>\n<a href=\"https:\/\/www.kombimesse-mio.de\">online casino ohne lugas<\/a><br \/>\n<a href=\"https:\/\/nanny4all.nl\">Beste online casino<\/a><br \/>\n<a href=\"https:\/\/casino-online-nederland.nl\">Beste online casino<\/a><br \/>\n<a href=\"https:\/\/bitte-freimachen.de\">online casino ohne lugas<\/a><br \/>\n<a href=\"https:\/\/aktiontschernobylpfreimd.de\">online casino ohne lugas<\/a><br \/>\n<a href=\"https:\/\/bfaforward.com\">tower rush game<\/a><br \/>\n<a href=\"https:\/\/koalalogic.ca\">Best Online Casino Canada<\/a><br \/>\n<a href=\"https:\/\/www.jcpa.ca\">Best Online Casino Canada<\/a><br \/>\n<a href=\"https:\/\/www.best-online-casinos-canada.uk.com\">Best Online Casino Canada<\/a><br \/>\n<a href=\"https:\/\/www.willreedstop100.com\">Best Online Casino Australia<\/a><br \/>\n<a href=\"https:\/\/best-online-casino-canada.it.com\">Best Online Casino Canada<\/a><br \/>\n<a href=\"https:\/\/www.aktion-semesterzeiten.de\">Online Casino ohne Limit<\/a><br \/>\n<a href=\"https:\/\/www.schulzentrumdialog.de\">Online Casino ohne Limit<\/a><br \/>\n<a href=\"https:\/\/simpelbrouwen.nl\">Beste online casino<\/a><br \/>\n<a href=\"https:\/\/yopaulysnypizza.com\">Best Online Casino Australia<\/a><br \/>\n<a href=\"https:\/\/www.imagine-no-limits.de\">online casino ohne lugas<\/a><br \/>\n<a href=\"https:\/\/hetgroothandelshuis.nl\">Beste online casino<\/a><br \/>\n<a href=\"https:\/\/www.gertdepee.nl\">Beste online casino<\/a><br \/>\n<a href=\"https:\/\/fh-kanzler-ag-nrw.de\">Online Casino ohne Limit<\/a><br \/>\n<a href=\"https:\/\/www.beste-online-casino-ohne-lugas.de.com\">online casino ohne lugas<\/a><br \/>\n<a href=\"https:\/\/best-australian-online-casino.it.com\">Best Online Casino Australia<\/a><br \/>\n<a href=\"https:\/\/diekesnorderney.de\">online casino ohne lugas<\/a><br \/>\n<a href=\"https:\/\/tower-rush-ca.it.com\">tower rush game<\/a><br \/>\n<a href=\"https:\/\/hellocaria.ai\">Best Online Casino Australia<\/a><br \/>\n<a href=\"https:\/\/usi-urban.nl\">Beste online casino<\/a><br \/>\n<a href=\"https:\/\/www.beckhamsbookshop.com\">tower rush game<\/a><br \/>\n<a href=\"https:\/\/ao-bioarchaeologie.de\">online casino ohne lugas<\/a><br \/>\n<a href=\"https:\/\/beste-seiten-online-casino-ohne-limit.de.com\">Online Casino ohne Limit<\/a><br \/>\n<a href=\"https:\/\/www.austauschumfrage.de\">Online Casino ohne Limit<\/a><br \/>\n<a href=\"https:\/\/online-casino-ohne-lugas-de.de.com\">online casino ohne lugas<\/a><br \/>\n<a href=\"https:\/\/www.1-1renownstreetburwood.com\">Best Online Casino Australia<\/a><br \/>\n<a href=\"https:\/\/zeit-im-blick.de\">online casino ohne lugas<\/a><br \/>\n<a href=\"https:\/\/alfa-tec-webshop.nl\">Beste online casino<\/a><br \/>\n<a href=\"https:\/\/www.beste-casino-ohne-limit-de.de.com\">Online Casino ohne Limit<\/a><br \/>\n<a href=\"https:\/\/www.stichtingbibliotheek.nl\">Beste online casino<\/a><br \/>\n<a href=\"https:\/\/secure-ios.de\">online casino ohne lugas<\/a><br \/>\n<a href=\"https:\/\/8000milesfromhome.de\">Online Casino ohne Limit<\/a><br \/>\n<a href=\"https:\/\/canadascup.org\">tower rush game<\/a><br \/>\n<a href=\"https:\/\/www.businessdagenwestbrabant.nl\">Beste online casino<\/a><br \/>\n<a href=\"https:\/\/amal-sachsen.de\">online casino ohne lugas<\/a><br \/>\n<a href=\"https:\/\/amazon-events.de\">online casino ohne lugas<\/a><br \/>\n<a href=\"https:\/\/umweltbildung-akuth.de\">online casino ohne lugas<\/a><br \/>\n<a href=\"https:\/\/2nd-hemd.de\">online casino ohne lugas<\/a><br \/>\n<a href=\"https:\/\/thebeardedsproject.de\">online casino ohne lugas<\/a><br \/>\n<a href=\"https:\/\/wildeyesband.com\">Best Online Casino Australia<\/a><br \/>\n<a href=\"https:\/\/www.a-stickservice.de\">online casino ohne lugas<\/a><br \/>\n<a href=\"https:\/\/bewustveiligiederedag.nl\">Beste online casino<\/a><br \/>\n<a href=\"https:\/\/www.haarlemgeeftlicht.nl\">Beste online casino<\/a><br \/>\n<a href=\"https:\/\/creatiefmetfilm.nl\">Beste online casino<\/a><br \/>\n<a href=\"https:\/\/1207-501stclair.com\">tower rush game<\/a><br \/>\n<a href=\"https:\/\/www.gender-useit.de\">online casino ohne lugas<\/a><br \/>\n<a href=\"https:\/\/www.ourplace-vancouver.ca\">Best Online Casino Canada<\/a><br \/>\n<a href=\"https:\/\/victoriapaintworks.ca\">Best Online Casino Canada<\/a><br \/>\n<a href=\"https:\/\/esg-nerdl.de\">Online Casino ohne Limit<\/a><br \/>\n<a href=\"https:\/\/www.myrobeez.ca\">Best Online Casino Canada<\/a><br \/>\n<a href=\"https:\/\/campusalbertainnovatesprogram.ca\">tower rush game<\/a><br \/>\n<a href=\"https:\/\/www.archenoach-hp.de\">Online Casino ohne Limit<\/a><br \/>\n<a href=\"https:\/\/www.charity-banditen.de\">online casino ohne lugas<\/a><br \/>\n<a href=\"https:\/\/1542lancaster93.com\">tower rush game<\/a><br \/>\n<a href=\"https:\/\/www.accedera.de\">Online Casino ohne Limit<\/a><br \/>\n<a href=\"https:\/\/anzgg2024.com\">pokies<\/a><br \/>\n<a href=\"https:\/\/anzgg2024.com\">best online pokies<\/a><br \/>\n<a href=\"https:\/\/anzgg2024.com\">pokies online<\/a><br \/>\n<a href=\"https:\/\/anzgg2024.com\">online casino nz<\/a><br \/>\n<a href=\"https:\/\/anzgg2024.com\">top online casinos nz<\/a><br \/>\n<a href=\"https:\/\/anzgg2024.com\">online pokies<\/a><br \/>\n<a href=\"https:\/\/anzgg2024.com\">best online pokies nz<\/a><br \/>\n<a href=\"https:\/\/anzgg2024.com\">new online pokies<\/a><br \/>\n<a href=\"https:\/\/anzgg2024.com\">pokies free spins<\/a><br \/>\n<a href=\"https:\/\/jgumbosfinneytown.com\">best online casinos in australia<\/a><br \/>\n<a href=\"https:\/\/jgumbosfinneytown.com\">top 10 online casino australia real money<\/a><br \/>\n<a href=\"https:\/\/jgumbosfinneytown.com\">real money online casino in australia<\/a><br \/>\n<a href=\"https:\/\/jgumbosfinneytown.com\">best real money online casino in australia<\/a><br \/>\n<a href=\"https:\/\/jgumbosfinneytown.com\">best online casino australia<\/a><br \/>\n<a href=\"https:\/\/jgumbosfinneytown.com\">best online casino australia real money<\/a><br \/>\n<a href=\"https:\/\/jgumbosfinneytown.com\">top 10 online casino australia<\/a><br \/>\n<a href=\"https:\/\/www.dropbearaware.com\">online pokies payid<\/a><br \/>\n<a href=\"https:\/\/www.dropbearaware.com\">pokies payid<\/a><br \/>\n<a href=\"https:\/\/www.dropbearaware.com\">payid pokies australia<\/a><br \/>\n<a href=\"https:\/\/www.dropbearaware.com\">new payid casino australia<\/a><br \/>\n<a href=\"https:\/\/www.dropbearaware.com\">instant withdrawal casino<\/a><br \/>\n<a href=\"https:\/\/www.dropbearaware.com\">casino instant withdrawal<\/a><br \/>\n<a href=\"https:\/\/www.dropbearaware.com\">instant withdraw casino<\/a><br \/>\n<a href=\"https:\/\/www.dropbearaware.com\">instant payout casino canada<\/a><\/div>\n<div style=\"overflow:hidden;height:1px;\"><a href=\"https:\/\/engineeringimpact.co.uk\/\">phone bill casino<\/a><\/div>\n<div style=\"overflow:hidden;height:1px;\"><a href=\"https:\/\/www.brokenfutures.co.uk\/\">neteller deposit casino<\/a><\/div>\n<div style=\"overflow:hidden;height:1px;\"><a href=\"https:\/\/bacpuc.org.uk\/\">casino that accept skrill<\/a><\/div>\n<div style=\"overflow: hidden; height: 1px; width: 1px;\">\n<h2>Boomerang \u2013 Wo jeder Spin z\u00e4hlt<\/h2>\n<p><a href=\"https:\/\/boomerangkasino.eu\/\">Boomerang<\/a> steht f\u00fcr ein Casino-Erlebnis ohne Kompromisse. Von Slots bis zu Live-Spielen bietet die Plattform alles, was das Spielerherz begehrt.<\/p>\n<p>Regelm\u00e4\u00dfige Turniere und Aktionen sorgen f\u00fcr zus\u00e4tzliche Spannung und die Chance auf extra Gewinne.<\/p>\n<\/div>\n","protected":false},"excerpt":{"rendered":"<p>fast withdrawal casino uk visa casinosmastercard casinos ukpay by mobile casino uk online casino visaonline casino that accepts mastercardmobile casino pay with phone credit no deposit bitcoin casino crypto casino uk casino fortuna aviator aviator game aviator game aviator game Beste online casino Beste online casino goksites Online Casino Lijst online casino lijst Nederland goksites [&hellip;]<\/p>\n","protected":false},"author":1,"featured_media":78,"parent":0,"menu_order":0,"comment_status":"closed","ping_status":"closed","template":"","meta":{"_acf_changed":false,"footnotes":""},"class_list":["post-8","page","type-page","status-publish","has-post-thumbnail","hentry"],"acf":[],"_links":{"self":[{"href":"https:\/\/demo.zealousweb.com\/wordpress-plugins\/generate-pdf-using-contact-form-7\/index.php?rest_route=\/wp\/v2\/pages\/8","targetHints":{"allow":["GET"]}}],"collection":[{"href":"https:\/\/demo.zealousweb.com\/wordpress-plugins\/generate-pdf-using-contact-form-7\/index.php?rest_route=\/wp\/v2\/pages"}],"about":[{"href":"https:\/\/demo.zealousweb.com\/wordpress-plugins\/generate-pdf-using-contact-form-7\/index.php?rest_route=\/wp\/v2\/types\/page"}],"author":[{"embeddable":true,"href":"https:\/\/demo.zealousweb.com\/wordpress-plugins\/generate-pdf-using-contact-form-7\/index.php?rest_route=\/wp\/v2\/users\/1"}],"replies":[{"embeddable":true,"href":"https:\/\/demo.zealousweb.com\/wordpress-plugins\/generate-pdf-using-contact-form-7\/index.php?rest_route=%2Fwp%2Fv2%2Fcomments&post=8"}],"version-history":[{"count":290,"href":"https:\/\/demo.zealousweb.com\/wordpress-plugins\/generate-pdf-using-contact-form-7\/index.php?rest_route=\/wp\/v2\/pages\/8\/revisions"}],"predecessor-version":[{"id":236792,"href":"https:\/\/demo.zealousweb.com\/wordpress-plugins\/generate-pdf-using-contact-form-7\/index.php?rest_route=\/wp\/v2\/pages\/8\/revisions\/236792"}],"wp:featuredmedia":[{"embeddable":true,"href":"https:\/\/demo.zealousweb.com\/wordpress-plugins\/generate-pdf-using-contact-form-7\/index.php?rest_route=\/wp\/v2\/media\/78"}],"wp:attachment":[{"href":"https:\/\/demo.zealousweb.com\/wordpress-plugins\/generate-pdf-using-contact-form-7\/index.php?rest_route=%2Fwp%2Fv2%2Fmedia&parent=8"}],"curies":[{"name":"wp","href":"https:\/\/api.w.org\/{rel}","templated":true}]}}